{"id":211,"date":"2020-06-30T13:16:11","date_gmt":"2020-06-30T13:16:11","guid":{"rendered":"https:\/\/wineq.es\/?page_id=211"},"modified":"2021-06-07T15:04:40","modified_gmt":"2021-06-07T15:04:40","slug":"gender","status":"publish","type":"page","link":"https:\/\/wineq.es\/en\/gender\/","title":{"rendered":"Gender"},"content":{"rendered":"<p>Research on gender inequality has often focused on the access that women and men have to the economic resources of the household. Even though wealth is often considered to be a characteristic of households rather than individuals, not everyone might benefit equally from a household\u2019s wealth. The question of gender differences in access to household wealth is not one we touch upon here. In this project, we have focused on differences between households rather than differences within households.<\/p>\r\n<p><br \/>Because most women and men live in a couple, differences in household wealth between men and women have received relatively little attention from academics. At the same time, it is very plausible that there are gender differences in wealth between single men and women. Women earn less than men, reducing their possibilities to save from income. Also, single parenthood is unequally distributed by gender, with single women being much more likely to be co-residing with children than single men. The economic costs that parenthood imposes are likely to further compromise the possibilities for single women to save and accumulate wealth.<\/p>\r\n<p><br \/>Figure 1 shows median levels of household wealth and income by gender among single men and women who are head of their household (i.e. this excludes persons still living with their parents). The left pane shows that there are surprisingly few differences in household wealth by gender across the period studied. The right pane shows how we do see a divergence in household income by gender, which became more pronounced in recent years. This might imply that the mechanisms explained above do not play a determining role for gender differences in wealth. It could be that other ways to accumulate wealth, such as financial help from parents and inheritances minimize household wealth differences between single men and women.<\/p>\r\n<p style=\"text-align: center;\"><br \/><strong>Figure 1.<\/strong> Household wealth and income of single men and women<\/p>\r\n<p><img loading=\"lazy\" decoding=\"async\" class=\"alignnone size-full wp-image-410\" src=\"https:\/\/wineq.es\/wp-content\/uploads\/2021\/06\/210607-GenRiq_ENG.png\" alt=\"\" width=\"500\" height=\"550\" srcset=\"https:\/\/wineq.es\/wp-content\/uploads\/2021\/06\/210607-GenRiq_ENG.png 500w, https:\/\/wineq.es\/wp-content\/uploads\/2021\/06\/210607-GenRiq_ENG-273x300.png 273w\" sizes=\"auto, (max-width: 500px) 100vw, 500px\" \/> <img loading=\"lazy\" decoding=\"async\" class=\"alignnone size-full wp-image-414\" src=\"https:\/\/wineq.es\/wp-content\/uploads\/2021\/06\/210607-IncGen_ENG.png\" alt=\"\" width=\"425\" height=\"550\" srcset=\"https:\/\/wineq.es\/wp-content\/uploads\/2021\/06\/210607-IncGen_ENG.png 425w, https:\/\/wineq.es\/wp-content\/uploads\/2021\/06\/210607-IncGen_ENG-232x300.png 232w\" sizes=\"auto, (max-width: 425px) 100vw, 425px\" \/><\/p>\r\n<p style=\"text-align: center;\">Note. Restricted to men and women aged 30+ who are head of household but do not have a partner<\/p>\r\n<p style=\"text-align: left;\">Figure 2 takes a closer look at the distribution of women and men across various wealth groups. The first pane of the graph indicates single men and women with negative wealth. The probability of being in debt is slightly higher for women than for men in 2014. But, the most remarkable differences are found at the top. Whereas in 2002 single women and men had a similar probability of having 1 million euros of household wealth or more, this probability was much higher for men than for women by 2014. This result is similar to what has been found in studies of gender equality in labor market opportunities: there appears to be a \"glass ceiling\" which prevents women from reaching the absolute top.  These differences between men and women seem to have declined in 2017, but given the imprecision of the estimates more evidence is needed to conclude something in that regard.\u00a0<\/p>\r\n<p style=\"text-align: center;\"><br \/><strong>Figure 2.<\/strong> Household wealth and income of single men and women<\/p>\r\n<p><img loading=\"lazy\" decoding=\"async\" class=\"size-full wp-image-412 aligncenter\" src=\"https:\/\/wineq.es\/wp-content\/uploads\/2021\/06\/210607-Gen-Groups_ENG.png\" alt=\"\" width=\"850\" height=\"550\" srcset=\"https:\/\/wineq.es\/wp-content\/uploads\/2021\/06\/210607-Gen-Groups_ENG.png 850w, https:\/\/wineq.es\/wp-content\/uploads\/2021\/06\/210607-Gen-Groups_ENG-300x194.png 300w, https:\/\/wineq.es\/wp-content\/uploads\/2021\/06\/210607-Gen-Groups_ENG-768x497.png 768w\" sizes=\"auto, (max-width: 850px) 100vw, 850px\" \/><\/p>\r\n<p>&nbsp;<\/p>\r\n<p>Discover more about wealth, its distribution across Spanish households, and the characteristics of individuals living in households with little and plenty of wealth by clicking on one of the buttons below.<\/p>\r\n<p>&nbsp;<\/p>\r\n<p style=\"text-align: center;\"><strong>A gentle introduction to the concept of wealth<\/strong><\/p>\r\n<p style=\"text-align: center;\"><a class=\"maxbutton-2 maxbutton maxbutton-test\" href=\"\/en\/?page_id=114\"><span class='mb-text'>FAQ: What is wealth and is wealth inequality important?<\/span><\/a><\/p>\r\n<p>&nbsp;<\/p>\r\n<p style=\"text-align: center;\"><strong>Basic trends in household wealth and its distribution in Spain<\/strong><\/p>\r\n<p style=\"text-align: center;\"><a class=\"maxbutton-2 maxbutton maxbutton-test\" href=\"https:\/\/wineq.es\/en\/?page_id=172\"><span class='mb-text'>Wealth in Spain: 2002-2017<\/span><\/a><\/p>\r\n<p>&nbsp;<\/p>\r\n<p style=\"text-align: center;\"><strong>Who is gaining wealth, who is falling behind?<\/strong><\/p>\r\n<p style=\"text-align: center;\"><a class=\"maxbutton-3 maxbutton maxbutton-3\" href=\"https:\/\/wineq.es\/en\/?page_id=196\"><span class='mb-text'>Income<\/span><\/a> <a class=\"maxbutton-3 maxbutton maxbutton-3\" href=\"https:\/\/wineq.es\/en\/?page_id=207\"><span class='mb-text'>Education and Social Background<\/span><\/a>\u00a0<\/p>\r\n<p><\/p>\r\n<p style=\"text-align: center;\"><a class=\"maxbutton-3 maxbutton maxbutton-3\" href=\"https:\/\/wineq.es\/en\/?page_id=211\"><span class='mb-text'>Gender<\/span><\/a> <a class=\"maxbutton-3 maxbutton maxbutton-3\" href=\"https:\/\/wineq.es\/en\/?page_id=213\"><span class='mb-text'>Year of Birth<\/span><\/a>\u00a0<\/p>\r\n<p style=\"text-align: center;\">\u00a0<\/p>\r\n<p style=\"text-align: center;\">This project is financed by the \u201cla Caixa\u201d Social Research Call 2019 (SR0403-WINEQ)<\/p>","protected":false},"excerpt":{"rendered":"<p>Las investigaciones sobre la desigualdad entre los g\u00e9neros se han centrado a menudo en el acceso que tienen las mujeres y los hombres a los recursos econ\u00f3micos del hogar. Aunque a menudo se considera que la riqueza es una caracter\u00edstica de los hogares y no de los individuos, no todos pueden beneficiarse por igual de&#8230;<\/p>","protected":false},"author":3,"featured_media":0,"parent":0,"menu_order":0,"comment_status":"closed","ping_status":"closed","template":"","meta":{"_monsterinsights_skip_tracking":false,"_monsterinsights_sitenote_active":false,"_monsterinsights_sitenote_note":"","_monsterinsights_sitenote_category":0,"footnotes":""},"class_list":["post-211","page","type-page","status-publish","hentry"],"_links":{"self":[{"href":"https:\/\/wineq.es\/en\/wp-json\/wp\/v2\/pages\/211","targetHints":{"allow":["GET"]}}],"collection":[{"href":"https:\/\/wineq.es\/en\/wp-json\/wp\/v2\/pages"}],"about":[{"href":"https:\/\/wineq.es\/en\/wp-json\/wp\/v2\/types\/page"}],"author":[{"embeddable":true,"href":"https:\/\/wineq.es\/en\/wp-json\/wp\/v2\/users\/3"}],"replies":[{"embeddable":true,"href":"https:\/\/wineq.es\/en\/wp-json\/wp\/v2\/comments?post=211"}],"version-history":[{"count":17,"href":"https:\/\/wineq.es\/en\/wp-json\/wp\/v2\/pages\/211\/revisions"}],"predecessor-version":[{"id":416,"href":"https:\/\/wineq.es\/en\/wp-json\/wp\/v2\/pages\/211\/revisions\/416"}],"wp:attachment":[{"href":"https:\/\/wineq.es\/en\/wp-json\/wp\/v2\/media?parent=211"}],"curies":[{"name":"wp","href":"https:\/\/api.w.org\/{rel}","templated":true}]}}