{"id":213,"date":"2020-06-30T13:16:35","date_gmt":"2020-06-30T13:16:35","guid":{"rendered":"https:\/\/wineq.es\/?page_id=213"},"modified":"2021-06-07T14:00:28","modified_gmt":"2021-06-07T14:00:28","slug":"year-of-birth","status":"publish","type":"page","link":"https:\/\/wineq.es\/en\/year-of-birth\/","title":{"rendered":"Year of Birth"},"content":{"rendered":"<p><strong>Year of Birth<\/strong><\/p>\r\n<p>Are young people today worse off in terms of wealth as compared to their parents? The difficulties for young people to find stable employment and the increases in the starting capital needed to buy a house leads to the expectation that accumulating wealth is more complicated for young adults today as compared to their parents' generation.<\/p>\r\n<p><br \/>Figure 1 shows to what extent this is the case. Comparisons across cohorts are complicated because household wealth changes systematically with age. Wealth increases substantially from young adulthood onward as people start working and can accumulate wealth from savings, investments, or received inheritances. At later ages, wealth is likely to decline as people stop working and start consuming more of their wealth. This pattern of rising and subsequently falling levels of wealth can be roughly observed when we put together information from the different cohorts in our data in Figure 1.<\/p>\r\n<p><br \/>Figure 1 shows that these upward trajectories with age were temporarily interrupted for the cohorts born in the 50s and 60s when the financial crisis hit. Whereas these cohorts ended up reaching very high levels of wealth in recent years, the situation is less favorable for individuals born in the 1970s and 1980s. The 1970s cohort started with similar levels of household wealth around age 30 as compared to the wealth that persons born in the 1960s had in their early 30s. But, instead of embarking on an upward trajectory during their 30s and 40s, the median household wealth of the 1970s cohort declined with age. The same is observed for those born in the 1980s, who are starting at very low levels of median household wealth in their early 30s.<\/p>\r\n<p style=\"text-align: center;\"><br \/><strong>Figure 1.<\/strong> Median Household Wealth by Age and Cohort<\/p>\r\n<p><img loading=\"lazy\" decoding=\"async\" class=\"size-full wp-image-386 aligncenter\" src=\"https:\/\/wineq.es\/wp-content\/uploads\/2021\/06\/210607-Age.png\" alt=\"\" width=\"850\" height=\"550\" srcset=\"https:\/\/wineq.es\/wp-content\/uploads\/2021\/06\/210607-Age.png 850w, https:\/\/wineq.es\/wp-content\/uploads\/2021\/06\/210607-Age-300x194.png 300w, https:\/\/wineq.es\/wp-content\/uploads\/2021\/06\/210607-Age-768x497.png 768w\" sizes=\"auto, (max-width: 850px) 100vw, 850px\" \/><\/p>\r\n<p style=\"text-align: center;\">Note. Restricted to heads of household and partners of heads of household<\/p>\r\n<p style=\"text-align: left;\"><br \/>Figure 2 takes a closer look at specific wealth categories and includes all individuals regardless of whether they left the parental home or not (Figure 1 includes only heads of household and partners). The first pane shows the percentage of each cohort living in a household with negative wealth. It becomes clear that the 1970s and 1980s cohorts are almost entirely responsible for the increase in the number of individuals living in households with negative wealth between 2002 and 2017 (See also \"Wealth in Spain 2002-2017\"). For other cohorts, the share of individuals living in debt decreased steadily with age. Given the difficult economic situation for these cohorts, it is worrisome that the consequences of the covid-19 pandemic are likely to further complicate possibilities for these cohorts to start accumulating wealth. The middle and right pane show how younger cohorts increased their share in the 25.000 to 100.000 euros of wealth group between ages 30 and 40, whereas for the older cohorts many already entered the 300.000 to 1 million euros of wealth group during those ages.<\/p>\r\n<p><br \/>The economic situation of the 1970 and 1980 cohorts is also reflected in the share of children living in a household that has negative wealth. Whereas for those born in the 1980s, growing up in a household with negative wealth was quite rare, more than 10% of children born in the 2000s lived in a household in debt around the age of 10. The obstacles experienced by the 1970s and 1980s cohorts to accumulate wealth might spill over to the next generations because wealth is a resource related to the well-being of children.<\/p>\r\n<p style=\"text-align: center;\"><br \/><strong>Figure 2.<\/strong> Median Household Wealth by Age and Cohort<\/p>\r\n<p><img loading=\"lazy\" decoding=\"async\" class=\"size-full wp-image-388 aligncenter\" src=\"https:\/\/wineq.es\/wp-content\/uploads\/2021\/06\/210607-Cohorts-Groups.png\" alt=\"\" width=\"850\" height=\"550\" srcset=\"https:\/\/wineq.es\/wp-content\/uploads\/2021\/06\/210607-Cohorts-Groups.png 850w, https:\/\/wineq.es\/wp-content\/uploads\/2021\/06\/210607-Cohorts-Groups-300x194.png 300w, https:\/\/wineq.es\/wp-content\/uploads\/2021\/06\/210607-Cohorts-Groups-768x497.png 768w\" sizes=\"auto, (max-width: 850px) 100vw, 850px\" \/><\/p>\r\n<p>&nbsp;<\/p>\r\n<p>Discover more about wealth, its distribution across Spanish households, and the characteristics of individuals living in households with little and plenty of wealth by clicking on one of the buttons below.<\/p>\r\n<p>&nbsp;<\/p>\r\n<p style=\"text-align: center;\"><strong>A gentle introduction to the concept of wealth<\/strong><\/p>\r\n<p style=\"text-align: center;\"><a class=\"maxbutton-2 maxbutton maxbutton-test\" href=\"\/en\/?page_id=114\"><span class='mb-text'>FAQ: What is wealth and is wealth inequality important?<\/span><\/a><\/p>\r\n<p>&nbsp;<\/p>\r\n<p style=\"text-align: center;\"><strong>Basic trends in household wealth and its distribution in Spain<\/strong><\/p>\r\n<p style=\"text-align: center;\"><a class=\"maxbutton-2 maxbutton maxbutton-test\" href=\"https:\/\/wineq.es\/en\/?page_id=172\"><span class='mb-text'>Wealth in Spain: 2002-2017<\/span><\/a><\/p>\r\n<p>&nbsp;<\/p>\r\n<p style=\"text-align: center;\"><strong>Who is gaining wealth, who is falling behind?<\/strong><\/p>\r\n<p style=\"text-align: center;\"><a class=\"maxbutton-3 maxbutton maxbutton-3\" href=\"https:\/\/wineq.es\/en\/?page_id=196\"><span class='mb-text'>Income<\/span><\/a> <a class=\"maxbutton-3 maxbutton maxbutton-3\" href=\"https:\/\/wineq.es\/en\/?page_id=207\"><span class='mb-text'>Education and Social Background<\/span><\/a>\u00a0<\/p>\r\n<p><\/p>\r\n<p style=\"text-align: center;\"><a class=\"maxbutton-3 maxbutton maxbutton-3\" href=\"https:\/\/wineq.es\/en\/?page_id=211\"><span class='mb-text'>Gender<\/span><\/a> <a class=\"maxbutton-3 maxbutton maxbutton-3\" href=\"https:\/\/wineq.es\/en\/?page_id=213\"><span class='mb-text'>Year of Birth<\/span><\/a>\u00a0<\/p>\r\n<p style=\"text-align: center;\">\u00a0<\/p>\r\n<p style=\"text-align: center;\">This project is financed by the \u201cla Caixa\u201d Social Research Call 2019 (SR0403-WINEQ)<\/p>","protected":false},"excerpt":{"rendered":"<p>A\u00f1o de Nacimiento \u00bfEst\u00e1n peor los j\u00f3venes de hoy en d\u00eda en t\u00e9rminos de riqueza en comparaci\u00f3n con sus padres? Las dificultades de los j\u00f3venes para encontrar un empleo estable y el incremento del capital inicial necesario para comprar una casa hacen pensar que la acumulaci\u00f3n de riqueza es m\u00e1s complicada para los j\u00f3venes adultos&#8230;<\/p>","protected":false},"author":3,"featured_media":0,"parent":0,"menu_order":0,"comment_status":"closed","ping_status":"closed","template":"","meta":{"_monsterinsights_skip_tracking":false,"_monsterinsights_sitenote_active":false,"_monsterinsights_sitenote_note":"","_monsterinsights_sitenote_category":0,"footnotes":""},"class_list":["post-213","page","type-page","status-publish","hentry"],"_links":{"self":[{"href":"https:\/\/wineq.es\/en\/wp-json\/wp\/v2\/pages\/213","targetHints":{"allow":["GET"]}}],"collection":[{"href":"https:\/\/wineq.es\/en\/wp-json\/wp\/v2\/pages"}],"about":[{"href":"https:\/\/wineq.es\/en\/wp-json\/wp\/v2\/types\/page"}],"author":[{"embeddable":true,"href":"https:\/\/wineq.es\/en\/wp-json\/wp\/v2\/users\/3"}],"replies":[{"embeddable":true,"href":"https:\/\/wineq.es\/en\/wp-json\/wp\/v2\/comments?post=213"}],"version-history":[{"count":15,"href":"https:\/\/wineq.es\/en\/wp-json\/wp\/v2\/pages\/213\/revisions"}],"predecessor-version":[{"id":391,"href":"https:\/\/wineq.es\/en\/wp-json\/wp\/v2\/pages\/213\/revisions\/391"}],"wp:attachment":[{"href":"https:\/\/wineq.es\/en\/wp-json\/wp\/v2\/media?parent=213"}],"curies":[{"name":"wp","href":"https:\/\/api.w.org\/{rel}","templated":true}]}}