{"id":71,"date":"2020-05-25T11:01:11","date_gmt":"2020-05-25T11:01:11","guid":{"rendered":"https:\/\/wineq.es\/?page_id=71"},"modified":"2021-06-07T11:13:43","modified_gmt":"2021-06-07T11:13:43","slug":"wealth-inequality-in-spain","status":"publish","type":"page","link":"https:\/\/wineq.es\/en\/","title":{"rendered":"Wealth Inequality in Spain"},"content":{"rendered":"<h3 class=\"has-text-align-left has-small-font-size\" style=\"text-align: center;\">Wealth inequality is increasing in Spain. Why? Who is benefiting? Who is falling behind?<\/h3>\r\n\r\n\r\n\r\n<p class=\"has-text-align-left has-small-font-size\">This website is part of the WINEQ-project, a research project that studies wealth inequality in Spain. The goal of this website is to make the findings of the project available to a non-academic audience. Click on one of the buttons below to find out more about a specific topic related to wealth inequality in Spain. If you would like to have a gentle introduction to the topic of wealth, you could start by reading the FAQ. Otherwise, you could directly jump to one of the other pages where we document how wealth relates to characteristics such as education, income, gender, and social background. Over the next two years, we will regularly post new findings on this website.<\/p>\r\n<p>&nbsp;<\/p>\r\n<p style=\"text-align: center;\"><strong>A gentle introduction to the concept of wealth<\/strong><\/p>\r\n<p style=\"text-align: center;\"><a class=\"maxbutton-2 maxbutton maxbutton-test\" href=\"\/en\/?page_id=114\"><span class='mb-text'>FAQ: What is wealth and is wealth inequality important?<\/span><\/a><\/p>\r\n<p>&nbsp;<\/p>\r\n<p style=\"text-align: center;\"><strong>Basic trends in household wealth and its distribution in Spain<\/strong><\/p>\r\n<p style=\"text-align: center;\"><a class=\"maxbutton-2 maxbutton maxbutton-test\" href=\"https:\/\/wineq.es\/en\/?page_id=172\"><span class='mb-text'>Wealth in Spain: 2002-2017<\/span><\/a><\/p>\r\n<p>&nbsp;<\/p>\r\n<p style=\"text-align: center;\"><strong>Who is gaining wealth, who is falling behind?<\/strong><\/p>\r\n<p style=\"text-align: center;\"><a class=\"maxbutton-3 maxbutton maxbutton-3\" href=\"https:\/\/wineq.es\/en\/?page_id=196\"><span class='mb-text'>Income<\/span><\/a> <a class=\"maxbutton-3 maxbutton maxbutton-3\" href=\"https:\/\/wineq.es\/en\/?page_id=207\"><span class='mb-text'>Education and Social Background<\/span><\/a>\u00a0<\/p>\r\n<p><\/p>\r\n<p style=\"text-align: center;\"><a class=\"maxbutton-3 maxbutton maxbutton-3\" href=\"https:\/\/wineq.es\/en\/?page_id=211\"><span class='mb-text'>Gender<\/span><\/a> <a class=\"maxbutton-3 maxbutton maxbutton-3\" href=\"https:\/\/wineq.es\/en\/?page_id=213\"><span class='mb-text'>Year of Birth<\/span><\/a>\u00a0<\/p>\r\n<p style=\"text-align: center;\">\u00a0<\/p>\r\n<p>&nbsp;<\/p>\r\n<p style=\"text-align: center;\">This project is financed by the \u201cla Caixa\u201d Social Research Call 2019 (SR0403-WINEQ)<\/p>\r\n<p>&nbsp;<\/p>\r\n<p><\/p>","protected":false},"excerpt":{"rendered":"<p>La desigualdad de riqueza est\u00e1 aumentando en Espa\u00f1a. \u00bfPor qu\u00e9? \u00bfQui\u00e9n se est\u00e1 beneficiando? \u00bfQui\u00e9n se est\u00e1 quedando atr\u00e1s? Este sitio web forma parte del proyecto WINEQ, un proyecto de investigaci\u00f3n que estudia la desigualdad de la riqueza en Espa\u00f1a. El objetivo de este sitio web es poner los hallazgos del proyecto a disposici\u00f3n de&#8230;<\/p>","protected":false},"author":3,"featured_media":0,"parent":0,"menu_order":0,"comment_status":"closed","ping_status":"closed","template":"","meta":{"_monsterinsights_skip_tracking":false,"_monsterinsights_sitenote_active":false,"_monsterinsights_sitenote_note":"","_monsterinsights_sitenote_category":0,"footnotes":""},"class_list":["post-71","page","type-page","status-publish","hentry"],"_links":{"self":[{"href":"https:\/\/wineq.es\/en\/wp-json\/wp\/v2\/pages\/71","targetHints":{"allow":["GET"]}}],"collection":[{"href":"https:\/\/wineq.es\/en\/wp-json\/wp\/v2\/pages"}],"about":[{"href":"https:\/\/wineq.es\/en\/wp-json\/wp\/v2\/types\/page"}],"author":[{"embeddable":true,"href":"https:\/\/wineq.es\/en\/wp-json\/wp\/v2\/users\/3"}],"replies":[{"embeddable":true,"href":"https:\/\/wineq.es\/en\/wp-json\/wp\/v2\/comments?post=71"}],"version-history":[{"count":49,"href":"https:\/\/wineq.es\/en\/wp-json\/wp\/v2\/pages\/71\/revisions"}],"predecessor-version":[{"id":377,"href":"https:\/\/wineq.es\/en\/wp-json\/wp\/v2\/pages\/71\/revisions\/377"}],"wp:attachment":[{"href":"https:\/\/wineq.es\/en\/wp-json\/wp\/v2\/media?parent=71"}],"curies":[{"name":"wp","href":"https:\/\/api.w.org\/{rel}","templated":true}]}}